{"id":1975,"date":"2025-01-19T10:52:21","date_gmt":"2025-01-19T09:52:21","guid":{"rendered":"https:\/\/solcar.es\/rechtliche-hinweise-und-datenschutz\/"},"modified":"2025-03-25T16:47:20","modified_gmt":"2025-03-25T15:47:20","slug":"rechtliche-hinweise-und-datenschutz","status":"publish","type":"page","link":"https:\/\/solcar.es\/de\/rechtliche-hinweise-und-datenschutz\/","title":{"rendered":"Rechtliche Hinweise und Datenschutz"},"content":{"rendered":"\n<p><strong>AVISO LEGAL<\/strong><br\/>El presente sitio web (www.solcar.es) es propiedad de SOLCAR EUROPE SL (en adelante SOLCAR) De conformidad con el Art.10 de la Ley 34\/2002, de Servicios de la Sociedad de la Informaci\u00f3n, los datos identificativos del titular de la p\u00e1gina son:<br\/><br\/>SOLCAR EUROPE SL (SOLCAR)<br\/>Avda del Pla 125 Edificio Caribe Local 8<br\/>J\u00e1vea 03730 (Alicante)<br\/>CIF:B03299385<br\/>Debidamente inscrita en el Registro Mercantil de Alicante al tomo 1605, folio 82, hoja n\u00famero a-21703, inscripci\u00f3n 1\u00aa<br\/><br\/>El acceso a este sitio web supone la aceptaci\u00f3n expresa del Usuario a las presentes Condiciones Generales y Particulares de Uso, que podr\u00e1n ser modificadas o sustituidas por su titular en cualquier momento y sin previo aviso.<br\/><br\/>1. Los derechos de propiedad intelectual de la Web www.solcar.es, su dise\u00f1o, estructura de navegaci\u00f3n, c\u00f3digo fuente con c\u00f3digos de lenguaje HTML, PHP,JavaScript,css,ajax, entre otros, sus bases de datos as\u00ed como cada uno de los distintos elementos en \u00e9l contenidos son titularidad de SOLCAR , a quien corresponde \u00fanicamente el ejercicio exclusivo de los derechos de explotaci\u00f3n de los mismos en cualquier forma y, en especial, los derechos de reproducci\u00f3n, distribuci\u00f3n, comunicaci\u00f3n p\u00fablica y transformaci\u00f3n.<br\/><br\/>2. Estas condiciones generales regulan el acceso y utilizaci\u00f3n del sitio Web www.solcar.es que SOLCAR pone gratuitamente a disposici\u00f3n de los usuarios de Internet. El acceso a dicho sitio implica su aceptaci\u00f3n sin reservas. La utilizaci\u00f3n de determinados servicios ofrecidos en este sitio se regir\u00e1 adem\u00e1s por las condiciones particulares previstas en cada caso, las cuales se entender\u00e1n aceptadas por el mero uso de tales servicios.<br\/><br\/>3. Los usuarios que accedan a la Web www.solcar.es est\u00e1n expresamente autorizados para la visualizaci\u00f3n de toda la informaci\u00f3n, la impresi\u00f3n y descarga parcial del contenido s\u00f3lo y exclusivamente si concurren las siguientes condiciones:<br\/><br\/>3.1) Que se realice cuando los elementos reproducidos sean destinados \u00fanicamente para uso personal y privado del usuario. Se proh\u00edbe, por tanto, expresamente su utilizaci\u00f3n con fines comerciales o para su distribuci\u00f3n, comunicaci\u00f3n p\u00fablica, transformaci\u00f3n o descompilaci\u00f3n, incluyendo su env\u00edo a trav\u00e9s de correo electr\u00f3nico. Tambi\u00e9n se proh\u00edbe que dichos contenidos sean cedidos o transmitidos a terceros o se instalen en cualquier servidor conectado directa o indirectamente a una red local e Internet, de forma que un grupo de terceros pueda tener acceso a dicha informaci\u00f3n.<br\/><br\/>3.2) Que ninguno de los contenidos relacionados en esta Web sean modificados de manera alguna.<br\/><br\/>3.3) Que ning\u00fan gr\u00e1fico, icono o imagen disponible en esta Web sea utilizado, copiado o distribuido separadamente del texto o resto de im\u00e1genes que lo acompa\u00f1an. Cualquier infracci\u00f3n de las prohibiciones y limitaciones contenidas en este apartado, as\u00ed como en cualquiera de los siguientes- se reputar\u00e1 infracci\u00f3n de los derechos de propiedad intelectual titularidad de SOLCAR y dar\u00e1 lugar a las responsabilidades legalmente establecidas al efecto, pudiendo ser perseguida por esta \u00faltima mediante el ejercicio de las acciones administrativas, civiles o penales que, en su caso, correspondan.<br\/><br\/><strong>DERECHOS DE PROPIEDAD INTELECTUAL E INDUSTRIAL<\/strong><br\/><br\/>El Usuario reconoce y acepta que todos los derechos de propiedad industrial e intelectual sobre los contenidos y\/o cualesquiera otros elementos insertados en el Sitio Web (incluyendo, a t\u00edtulo meramente enunciativo y no limitativo, todos aquellos elementos que conforman la apariencia visual, imagen gr\u00e1fica y otros est\u00edmulos sensoriales de las p\u00e1ginas Web que conforman el sitio www.solcar.es, marcas, logotipos, nombres comerciales, textos, cr\u00edticas y comentarios, im\u00e1genes, gr\u00e1ficos, dise\u00f1os, sonidos, bases de datos, software, diagramas de flujo, presentaci\u00f3n, arquitectura de navegaci\u00f3n, as\u00ed como los c\u00f3digos fuente de las p\u00e1ginas Web pertenecen a SOLCAR y\/o a terceros que le han cedido sus derechos. A tales efectos, se entender\u00e1 como Sitio Web todas aquellas creaciones incorporadas y expresadas por cualquier medio y\/o soporte tangible o intangible, conocido o por conocer, que sea objeto de protecci\u00f3n por las disposiciones normativas vigentes en materia de propiedad intelectual e industrial.<br\/><br\/>Queda autorizada la mera visualizaci\u00f3n, impresi\u00f3n, descarga o almacenamiento temporal, ya sea en su totalidad o parcialmente, de los contenidos y\/o de los elementos insertados en el Sitio Web o en las p\u00e1ginas que lo conforman exclusivamente para su uso personal, privado y no lucrativo por el usuario siempre que en todo caso se indique el origen y\/o autor de los mismos y que, en su caso, aparezca el s\u00edmbolo del copyright y\/o notas de propiedad industrial de sus titulares.<br\/><br\/>En ning\u00fan caso el acceso al Sitio Web implica ning\u00fan tipo de permiso, renuncia, transmisi\u00f3n, licencia o cesi\u00f3n total ni parcial de dichos derechos por parte de sus titulares, salvo que se establezca expresamente lo contrario. Las presentes condiciones de uso del Sitio Web no confieren a los Usuarios ning\u00fan otro derecho de utilizaci\u00f3n, alteraci\u00f3n, explotaci\u00f3n, reproducci\u00f3n, distribuci\u00f3n o comunicaci\u00f3n p\u00fablica del Sitio Web y\/o de sus Contenidos distintos de los aqu\u00ed expresamente previstos. Cualquier otro uso o explotaci\u00f3n de cualesquiera derechos estar\u00e1 sujeto a la previa y expresa autorizaci\u00f3n espec\u00edficamente otorgada a tal efecto por SOLCAR o, en su caso, por el tercero titular de los derechos afectados.<br\/><br\/>Queda terminantemente prohibida la utilizaci\u00f3n de tales elementos, su total o parcial reproducci\u00f3n, comunicaci\u00f3n y\/o distribuci\u00f3n con fines comerciales o lucrativos, as\u00ed como su modificaci\u00f3n, alteraci\u00f3n, descompilaci\u00f3n y\/o cualquier otro acto de explotaci\u00f3n del Sitio Web, sus p\u00e1ginas y\/o de los contenidos que en ellas se incorporan. Para cualquier otro uso distinto de los expresamente permitidos, ser\u00e1 necesario obtener el consentimiento previo por escrito del titular de los derechos de que se trate.<br\/><br\/><strong>EXENCI\u00d3N DE RESPONSABILIDAD<\/strong><br\/><br\/>1. SOLCAR se reserva la facultad de efectuar siempre que sea necesario y sin necesidad de aviso previo, todas las modificaciones y actualizaciones de la informaci\u00f3n contenida en su Web www.solcar.es, tanto en su versi\u00f3n en espa\u00f1ol como en otros idiomas-, de la configuraci\u00f3n y presentaci\u00f3n de \u00e9ste y de las condiciones de acceso. Los documentos y gr\u00e1ficos publicados en este sitio Web pueden incorporar imprecisiones t\u00e9cnicas o errores tipogr\u00e1ficos.<br\/><br\/>2. SOLCAR proporciona los materiales y gr\u00e1ficos contenidos en este sitio Web sin garant\u00eda expresa o impl\u00edcita de ning\u00fan tipo. SOLCAR rechaza la existencia de cualquier garant\u00eda o condici\u00f3n impl\u00edcita en la informaci\u00f3n aqu\u00ed contenida, incluyendo garant\u00edas de viabilidad comercial, de no infracci\u00f3n de la propiedad intelectual o de adecuaci\u00f3n a cualquier objetivo espec\u00edfico.<br\/><br\/>3. En ning\u00fan caso SOLCAR o sus proveedores ser\u00e1n responsables de cualquier tipo de da\u00f1os o perjuicios, incluyendo los derivados de una reducci\u00f3n de beneficios, de la interrupci\u00f3n del negocio o de una p\u00e9rdida de informaci\u00f3n debida al uso o mal uso de los materiales contenidos en este servidor, incluso en el caso de que SOLCAR haya sido avisada de la posibilidad de tales da\u00f1os o perjuicios.<br\/><br\/>4. SOLCAR no garantiza la inexistencia de interrupciones o errores en el acceso a su Web ni en sus diferentes contenidos. Tampoco garantiza que \u00e9ste se encuentre siempre y en todos los casos actualizados, aunque desarrollar\u00e1 sus mejores esfuerzos para, en su caso, evitarlos, subsanarlos o actualizar dicho contenido lo antes posible. SOLCAR no asume ning\u00fan tipo de responsabilidad por cualquiera de las informaciones contenidas en otras Web a las que la Web www.solcar.es pueda remitir a trav\u00e9s de enlaces hipertextuales o \u201clinks\u201d<br\/><br\/>5. SOLCAR no asume responsabilidad alguna derivada de la concesi\u00f3n o contenidos de los enlaces de terceros a los que se hace referencia en la Web www.solcar.es, ni garantiza la ausencia de virus u otros elementos en los mismos que puedan producir alteraciones en el sistema inform\u00e1tico (hardware y software), los documentos o los ficheros del usuario, excluyendo cualquier responsabilidad por los da\u00f1os de cualquier clase causados al usuario por este motivo. Por tanto, no se hace responsable del contenido de ninguno de ellos, ni de los cambios o actualizaciones que puedan experimentar.<br\/><br\/>6. Tanto el acceso a este Web como el uso que pueda hacerse de la informaci\u00f3n contenida en el mismo es de la exclusiva responsabilidad de quien lo realiza. SOLCAR no<br\/>responder\u00e1 de ninguna consecuencia, da\u00f1o o perjuicio que pudieran derivarse de dicho acceso o uso de la informaci\u00f3n. SOLCAR no se hace responsable de los posibles errores de seguridad que se puedan producir ni de los posibles da\u00f1os que puedan causarse al sistema inform\u00e1tico del usuario (hardware y software) as\u00ed como de los ficheros o documentos almacenados en el mismo, como consecuencia de la presencia de virus en el ordenador del usuario utilizado para la conexi\u00f3n a los servicios y contenidos de la Web, de un mal funcionamiento del navegador o del uso de versiones no actualizadas del mismo.<br\/><br\/>7. Asimismo SOLCAR es titular de los derechos de propiedad industrial referidos a sus productos y servicios, y espec\u00edficamente de los relativos a la marca registrada. Respecto a las citas de productos y servicios de terceros SOLCAR reconoce a favor de sus titulares los correspondientes derechos de propiedad industrial e intelectual, no implicando su sola menci\u00f3n o aparici\u00f3n en el Web la existencia de derechos o responsabilidad alguna de SOLCAR sobre los mismos, como tampoco respaldo, patrocinio, recomendaci\u00f3n por parte de SOLCAR.<br\/><br\/>8. El uso no autorizado de cualquier informaci\u00f3n contenida en esta Web, su reventa, as\u00ed como la lesi\u00f3n de los derechos de Propiedad Intelectual o Industrial de SOLCAR dar\u00e1 lugar a las responsabilidades legalmente establecidas.<br\/><br\/>9. Cualquier tipo de enlace de terceros a esta Web debe serlo a la p\u00e1gina principal o de entrada: www.solcar.es.<br\/><br\/><strong>POL\u00cdTICA DE PROTECCI\u00d3N DE DATOS Y PRIVACIDAD<\/strong><br\/><br\/>SOLCAR (en adelante), como responsable de la presente Web y de conformidad con lo dispuesto por la Ley Org\u00e1nica de Protecci\u00f3n de Datos de Car\u00e1cter Personal (L.O. 15\/1999, de 13 de diciembre) y la Ley de la Sociedad de Informaci\u00f3n y de Comercio Electr\u00f3nico (LSSI-CE 34\/2002, de 11 de junio) ha puesto en pr\u00e1ctica pol\u00edticas, medios y procedimientos para garantizar y proteger la privacidad de los datos de car\u00e1cter personal de sus USUARIOS.<br\/><br\/><strong>Identidad y Direcci\u00f3n del Responsable del Fichero<\/strong><br\/><br\/>El titular y responsable del fichero es SOLCAR. Servicios Prestados a trav\u00e9s del Sitio Web trav\u00e9s de las distintas \u00e1reas que forman parte de la presente Web, los USUARIOS pueden: obtener informaci\u00f3n, consultar y contratar servicios ofrecidos en el Sitio Web. La simple navegaci\u00f3n por la Web tiene car\u00e1cter gratuito y no exige el registro previo por parte de los USUARIOS. Los \u00fanicos datos personales a los que el responsable del fichero tendr\u00e1 acceso ser\u00e1n aquellos que le sean facilitados voluntariamente a fin de posibilitar el acceso, uso o contrataci\u00f3n de los servicios facilitados a trav\u00e9s del Sitio Web.<br\/><br\/><strong>Tratamiento de los Datos y su Confidencialidad<\/strong><br\/><br\/>Los datos que se faciliten se incorporar\u00e1n a un fichero automatizado, cuya titularidad y responsabilidad viene ostentada por SOLCAR, y ser\u00e1n tratados con absoluta confidencialidad.<br\/>La entidad responsable de los ficheros, as\u00ed como los que intervengan en cualquier fase del tratamiento y\/o las entidades a quienes les hayan sido comunicadas -en virtud de la autorizaci\u00f3n conferida por el USUARIO- est\u00e1n obligadas a observar el secreto profesional y adoptar\u00e1n los niveles de protecci\u00f3n y las medidas t\u00e9cnicas y organizativas necesarias a su alcance que garanticen la seguridad de los datos de car\u00e1cter personal, evitando, en la medida de lo posible, accesos no autorizados, modificaciones il\u00edcitas, sustracciones y\/o la p\u00e9rdida de los datos.<br\/><br\/>No obstante, se advierte e informa a los USUARIOS que las medidas t\u00e9cnicas no son infalibles ni inexpugnables, motivo por el cual, el responsable del fichero no podr\u00e1 tenerse por responsable de tales pr\u00e1cticas ni de sus consecuencias.<br\/><br\/>Al remitir el interesado sus datos de car\u00e1cter personal y de correo electr\u00f3nico a SOLCAR expresamente AUTORIZA la utilizaci\u00f3n de dichos datos a los efectos de las comunicaciones peri\u00f3dicas, incluyendo expresamente las que se realicen v\u00eda correo electr\u00f3nico, que SOLCAR o las entidades filiales de SOLCAR llevan a cabo con sus clientes y colaboradores y posibles interesados inform\u00e1ndoles de sus actividades, noticias, cursos, promociones, as\u00ed como cualesquier ofertas de servicios y productos relacionados con la actividad que desarrolla. El interesado podr\u00e1 ejercitar respecto a sus datos los derechos de acceso, rectificaci\u00f3n, cancelaci\u00f3n y oposici\u00f3n enviando un correo electr\u00f3nico a la siguiente direcci\u00f3n electr\u00f3nica \u201cinfo arroba solcar.es\u201d solicitando, en su caso, que se le remitan por la misma v\u00eda sus datos personales que obran en los ficheros de SOLCAR a los efectos de su consulta, o su posible rectificaci\u00f3n o bien que se cancele y\/o revoque la autorizaci\u00f3n para la recepci\u00f3n de comunicaciones, debiendo notificar SOLCAR la efectiva rectificaci\u00f3n y\/o cancelaci\u00f3n de los datos de car\u00e1cter personal de su fichero .<br\/><br\/>Los datos de car\u00e1cter personal de los USUARIOS, junto con los que se originen como consecuencia del acceso, uso o contrataci\u00f3n del servicio, s\u00f3lo podr\u00e1n ser objeto de tratamiento automatizado y cedidos en la forma y con la finalidad establecida y expresamente autorizada por los USUARIOS.<br\/><br\/><strong>Segmentaci\u00f3n y Categorizaci\u00f3n de los Datos<\/strong><br\/><br\/>El registro de los datos personales aportados en el momento de suscripci\u00f3n o contrataci\u00f3n de cursos, seminarios, publicaciones, productos u otros servicios, y cualquier otro facilitado durante su relaci\u00f3n, comportar\u00e1 adem\u00e1s la aceptaci\u00f3n de car\u00e1cter voluntario por su parte con relaci\u00f3n al tratamiento de dichos datos personales por SOLCAR a fin de ser segmentados o categorizados con la finalidad de aplicarlos a la actividad relacionada con la gesti\u00f3n de administraci\u00f3n general, informaci\u00f3n, comercializaci\u00f3n de nuestros servicios, elaborar perfiles, an\u00e1lisis de propuestas solicitadas por los USUARIOS\/CLIENTES, estudio estad\u00edstico de los servicios y contenidos utilizados, gustos y preferencias, encuestas o formularios.<br\/><br\/><strong>Comunicaci\u00f3n de los Datos<\/strong><br\/><br\/>El facilitar los datos personales por parte de los USUARIOS supone tambi\u00e9n la aceptaci\u00f3n voluntaria y expresa de la cesi\u00f3n y transmisi\u00f3n de dichos datos, con iguales fines que los anteriormente indicados, a otras entidades del entorno SOLCAR, auxiliares y\/o colaboradoras, as\u00ed como autorizar al responsable del fichero para recibir de las citadas entidades del entorno SOLCAR informaciones obrantes en sus archivos, incluso de forma interconectada, para las finalidades se\u00f1aladas.<br\/><br\/>SOLCAR enviar\u00e1 a terceros informaci\u00f3n que permita su identificaci\u00f3n cuando:<br\/>&#8211; Hayamos obtenido su permiso para compartir dicha informaci\u00f3n.<br\/>&#8211; Necesitemos compartir dicha informaci\u00f3n para proporcionarle el producto o servicio que haya solicitado.<br\/>&#8211; Necesitemos enviar dicha informaci\u00f3n a empresas que trabajan con SOLCAR para proporcionarle el producto o servicio que haya solicitado. (A menos que le informemos de lo contrario, estas empresas no tienen derecho a utilizar la informaci\u00f3n de identificaci\u00f3n que les suministremos m\u00e1s que en lo necesario para ayudarnos).<br\/>&#8211; Respondamos a citaciones o requerimientos legales, as\u00ed como a \u00f3rdenes judiciales; o cuando estimemos que sus actividades en nuestros sitios Web violan cualquiera de las instrucciones de uso de nuestros productos o servicios.<br\/><br\/><strong>Derechos de los Interesados y su Ejercicio<\/strong><br\/><br\/>Los USUARIOS tienen reconocida por la indicada Ley Org\u00e1nica de Protecci\u00f3n de Datos los derechos de acceso, rectificaci\u00f3n, cancelaci\u00f3n y oposici\u00f3n, en su caso, respecto de sus datos personales y al uso, categorizaci\u00f3n y\/o segmentaci\u00f3n de los datos de car\u00e1cter personal.<br\/>El interesado podr\u00e1 ejercitar, respecto a sus datos, los derechos de acceso, rectificaci\u00f3n, cancelaci\u00f3n y oposici\u00f3n enviando una carta a Protecci\u00f3n Datos. SOLCAR Avda del Pla 125 Edificio Caribe Local 8, J\u00e1vea 03730 (Alicante) o al correo electr\u00f3nico \u201cinfo arroba solcar.es\u201d solicitando, en su caso, que se le remitan por la misma v\u00eda sus datos personales que obran en los ficheros de SOLCAR a los efectos de su consulta o su posible rectificaci\u00f3n o bien que se cancele y\/o revoque la autorizaci\u00f3n para la recepci\u00f3n de comunicaciones, debiendo notificar SOLCAR la efectiva rectificaci\u00f3n y\/o cancelaci\u00f3n de los datos de car\u00e1cter personal de su fichero.<br\/><br\/><strong>Cookies<\/strong><br\/><br\/>Ponemos en su conocimiento que utilizamos cookies para personalizar la publicidad y contenidos que ve al navegar, para satisfacer sus demandas sobre algunos productos o servicios y para informarle sobre promociones especiales y nuevos productos y servicios, para perfilar y mejorar nuestra relaci\u00f3n con el USUARIO y adaptarnos asimismo a sus medios tecnol\u00f3gicos. Esta informaci\u00f3n incluye su direcci\u00f3n IP, informaci\u00f3n de las cookies SOLCAR y sobre las p\u00e1ginas que ha visitado. El USUARIO tiene la posibilidad de configurar su navegador para ser avisado de la recepci\u00f3n o, en su caso, rechazo de la recepci\u00f3n de cookies en su disco duro, debiendo consultar a tal efecto, las instrucciones y manuales de su navegador para ampliar esta informaci\u00f3n.<br\/><br\/>SOLCAR utiliza esta informaci\u00f3n:<br\/>Enlaces a otros Sitios Web \/ Hiperv\u00ednculos.<br\/><br\/>En esta p\u00e1gina Web se utilizan hiperv\u00ednculos que permiten al USUARIO redireccionarse a Sitios Web de terceras partes. SOLCAR, en ning\u00fan caso, responder\u00e1 de los contenidos, informaci\u00f3n y\/o servicios ofrecidos ni de las medidas de seguridad establecidas en los Sitios Web a los cuales el USUARIO ha podido acceder por medio de los hiperv\u00ednculos establecidos en el Sitio Web de. SOLCAR Asimismo, SOLCAR no se responsabiliza de las medidas de seguridad adoptadas por cualquier otra p\u00e1gina web que permita un v\u00ednculo con la nuestra y a las que accede el interesado bajo su exclusiva responsabilidad.<br\/><br\/><strong>Modificaci\u00f3n de la Pol\u00edtica de Protecci\u00f3n de Datos y de Privacidad<\/strong><br\/><br\/>Finalmente les informamos que el responsable del fichero se reserva el derecho a modificar la presente pol\u00edtica de privacidad para adaptarla a las novedades legislativas o jurisprudenciales as\u00ed como a las modificaciones o pr\u00e1cticas de la industria, si bien se avisar\u00e1, con la debida antelaci\u00f3n, de los cambios que se vayan a introducir y del momento en que comenzar\u00e1n a surtir plenos efectos.<br\/><br\/><strong>POLITICA ANTI SPAM<\/strong><br\/><br\/>Las personas que reciben alguna\/s de las comunicaciones, informaciones, boletines, publicidad electr\u00f3nicas de SOLCAR.ES las reciben por los siguientes motivos:<br\/>&#8211; Por registro on line desde esta p\u00e1gina.<br\/>&#8211; Por registro on line desde las p\u00e1ginas de colaboradores.<br\/>&#8211; Por solicitud de informaci\u00f3n de nuestros productos y servicios.<br\/>&#8211; Por haber facilitado su informaci\u00f3n a alguno de nuestros Colaboradores o Empleados.<br\/>&#8211; Por registro off line al rellenar formularios, boletines, solicitudes, etc., que se ofrecen en ferias, oficinas, colaboradores y que quedan archivadas para ulterior comprobaci\u00f3n durante 5 a\u00f1os<br\/><br\/>Nuestras comunicaciones no quieren llegar a ninguna persona que no lo desee, por ello, y para poder corregir la situaci\u00f3n que a veces puede darse de que alguna persona pueda dar de alta a otra sin su consentimiento, hemos incorporado a este sistema de suscripci\u00f3n un filtro basado en una &#8222;lista no contacto&#8220; que impide que se pueda dar el alta a cualquier direcci\u00f3n de correo incluida en la misma. Por ello, si usted no quiere recibir nunca nuestras comunicaciones e impedir que nadie pueda darle de alta contra su voluntad, le rogamos nos remita un correo electr\u00f3nico a \u201cinfo arroba solcar.es\u201d indicando en el ASUNTO: &#8222;BAJA LISTA&#8220; y nosotros incluiremos en la &#8222;lista no contacto&#8220; aquella direcci\u00f3n desde la que se nos remita este e-mail.<br\/>Si tiene alg\u00fan problema para hacerlo de forma electr\u00f3nica, no dude en contactar con nosotros por \u00a0tel\u00e9fono en horario de oficina, donde una persona le atender\u00e1 personalmente y realizar\u00e1 dicho tr\u00e1mite.<\/p>\n\n<p><strong>RECLAMACIONES<\/strong><br\/><br\/>Mediante el siguiente link, le facilitamos el acceso a la plataforma de resoluci\u00f3n de conflictos en l\u00ednea del centro europeo del consumidor, pero le sugerimos que antes nos env\u00eden un mail web@solcar.es comunic\u00e1ndonos la incidencia y comprometi\u00e9ndonos a dar una respuesta dentro del plazo de 10 d\u00edas. \u00a0 <a href=\"https:\/\/ec.europa.eu\/consumers\/odr\/main\/?event=main.home2.show\" target=\"_blank\" rel=\"noreferrer noopener nofollow\">https:\/\/ec.europa.eu\/consumers\/odr\/main\/?event=main.home2.show<\/a><\/p>\n","protected":false},"excerpt":{"rendered":"<p>AVISO LEGALEl presente sitio web (www.solcar.es) es propiedad de SOLCAR EUROPE SL (en adelante SOLCAR) De conformidad con el Art.10 de la Ley 34\/2002, de Servicios de la Sociedad de la Informaci\u00f3n, los datos identificativos del titular de la p\u00e1gina son: SOLCAR EUROPE SL (SOLCAR)Avda del Pla 125 Edificio Caribe Local 8J\u00e1vea 03730 (Alicante)CIF:B03299385Debidamente inscrita [&hellip;]<\/p>\n","protected":false},"author":1,"featured_media":0,"parent":0,"menu_order":0,"comment_status":"closed","ping_status":"closed","template":"","meta":{"footnotes":""},"class_list":["post-1975","page","type-page","status-publish","hentry"],"_links":{"self":[{"href":"https:\/\/solcar.es\/de\/wp-json\/wp\/v2\/pages\/1975","targetHints":{"allow":["GET"]}}],"collection":[{"href":"https:\/\/solcar.es\/de\/wp-json\/wp\/v2\/pages"}],"about":[{"href":"https:\/\/solcar.es\/de\/wp-json\/wp\/v2\/types\/page"}],"author":[{"embeddable":true,"href":"https:\/\/solcar.es\/de\/wp-json\/wp\/v2\/users\/1"}],"replies":[{"embeddable":true,"href":"https:\/\/solcar.es\/de\/wp-json\/wp\/v2\/comments?post=1975"}],"version-history":[{"count":2,"href":"https:\/\/solcar.es\/de\/wp-json\/wp\/v2\/pages\/1975\/revisions"}],"predecessor-version":[{"id":2078,"href":"https:\/\/solcar.es\/de\/wp-json\/wp\/v2\/pages\/1975\/revisions\/2078"}],"wp:attachment":[{"href":"https:\/\/solcar.es\/de\/wp-json\/wp\/v2\/media?parent=1975"}],"curies":[{"name":"wp","href":"https:\/\/api.w.org\/{rel}","templated":true}]}}